{"id":27721,"date":"2024-06-12T17:24:44","date_gmt":"2024-06-12T17:24:44","guid":{"rendered":"http:\/\/kubernetech.com\/?page_id=27721"},"modified":"2024-06-18T21:56:37","modified_gmt":"2024-06-18T21:56:37","slug":"careers","status":"publish","type":"page","link":"https:\/\/businessinterchallenge.com\/pt\/careers\/","title":{"rendered":"Carreiras"},"content":{"rendered":"\t\t<div data-elementor-type=\"wp-post\" data-elementor-id=\"27721\" class=\"elementor elementor-27721\" data-elementor-post-type=\"page\">\n\t\t\t\t<div class=\"elementor-element elementor-element-c53133f e-flex e-con-boxed e-con e-parent\" data-id=\"c53133f\" data-element_type=\"container\" data-e-type=\"container\" data-settings=\"{&quot;background_background&quot;:&quot;classic&quot;}\">\n\t\t\t\t\t<div class=\"e-con-inner\">\n\t\t<div class=\"elementor-element elementor-element-293cebb e-con-full e-flex e-con e-child\" data-id=\"293cebb\" data-element_type=\"container\" data-e-type=\"container\">\n\t\t\t\t<div class=\"elementor-element elementor-element-7b14e32 elementor-widget elementor-widget-heading\" data-id=\"7b14e32\" data-element_type=\"widget\" data-e-type=\"widget\" data-widget_type=\"heading.default\">\n\t\t\t\t<div class=\"elementor-widget-container\">\n\t\t\t\t\t<h1 class=\"elementor-heading-title elementor-size-default\">Careers<\/h1>\t\t\t\t<\/div>\n\t\t\t\t<\/div>\n\t\t\t\t<div class=\"elementor-element elementor-element-dcda1cf elementor-widget elementor-widget-text-editor\" data-id=\"dcda1cf\" data-element_type=\"widget\" data-e-type=\"widget\" data-widget_type=\"text-editor.default\">\n\t\t\t\t<div class=\"elementor-widget-container\">\n\t\t\t\t\t\t\t\t\t<p>At Business InterChallenge, we are constantly looking for exceptional talent to join our dynamic and passionate team.<\/p>\t\t\t\t\t\t\t\t<\/div>\n\t\t\t\t<\/div>\n\t\t\t\t<\/div>\n\t\t\t\t\t<\/div>\n\t\t\t\t<\/div>\n\t\t<div class=\"elementor-element elementor-element-939ae2d e-flex e-con-boxed e-con e-parent\" data-id=\"939ae2d\" data-element_type=\"container\" data-e-type=\"container\">\n\t\t\t\t\t<div class=\"e-con-inner\">\n\t\t\t\t\t<\/div>\n\t\t\t\t<\/div>\n\t\t<div class=\"elementor-element elementor-element-3651455 e-flex e-con-boxed e-con e-parent\" data-id=\"3651455\" data-element_type=\"container\" data-e-type=\"container\">\n\t\t\t\t\t<div class=\"e-con-inner\">\n\t\t\t\t<div class=\"elementor-element elementor-element-4276438 elementor-widget elementor-widget-text-editor\" data-id=\"4276438\" data-element_type=\"widget\" data-e-type=\"widget\" data-widget_type=\"text-editor.default\">\n\t\t\t\t<div class=\"elementor-widget-container\">\n\t\t\t\t\t\t\t\t\t<h4>Discover our current vacancies and find the perfect opportunity for you.<\/h4><h4>Take the next step in your career and be part of a company that is changing the business world!<\/h4>\t\t\t\t\t\t\t\t<\/div>\n\t\t\t\t<\/div>\n\t\t\t\t\t<\/div>\n\t\t\t\t<\/div>\n\t\t<div class=\"elementor-element elementor-element-5169d08 e-flex e-con-boxed e-con e-parent\" data-id=\"5169d08\" data-element_type=\"container\" data-e-type=\"container\" data-settings=\"{&quot;background_background&quot;:&quot;classic&quot;}\">\n\t\t\t\t\t<div class=\"e-con-inner\">\n\t\t<div class=\"elementor-element elementor-element-69e6acd e-con-full e-flex e-con e-child\" data-id=\"69e6acd\" data-element_type=\"container\" data-e-type=\"container\">\n\t\t\t\t<div class=\"elementor-element elementor-element-e7c553c elementor-widget elementor-widget-shortcode\" data-id=\"e7c553c\" data-element_type=\"widget\" data-e-type=\"widget\" data-widget_type=\"shortcode.default\">\n\t\t\t\t<div class=\"elementor-widget-container\">\n\t\t\t\t\t\t\t<div class=\"elementor-shortcode\"><style id=\"wpforms-css-vars-27717\">\n\t\t\t\t#wpforms-27717 {\n\t\t\t\t\n\t\t\t}\n\t\t\t<\/style><div class=\"wpforms-container wpforms-container-full wpforms-render-modern\" id=\"wpforms-27717\"><form id=\"wpforms-form-27717\" class=\"wpforms-validate wpforms-form\" data-formid=\"27717\" method=\"post\" enctype=\"multipart\/form-data\" action=\"\/pt\/wp-json\/wp\/v2\/pages\/27721\" data-token=\"1317eb4242721aeb3039273f8547f043\" data-token-time=\"1777060241\"><noscript class=\"wpforms-error-noscript\">Please enable JavaScript in your browser to complete this form.<\/noscript><div id=\"wpforms-error-noscript\" style=\"display: none;\">Please enable JavaScript in your browser to complete this form.<\/div><div class=\"wpforms-field-container\"><div id=\"wpforms-27717-field_0-container\" class=\"wpforms-field wpforms-field-name\" data-field-id=\"0\"><label class=\"wpforms-field-label\" for=\"wpforms-27717-field_0\">Name <span class=\"wpforms-required-label\" aria-hidden=\"true\">*<\/span><\/label><input type=\"text\" id=\"wpforms-27717-field_0\" class=\"wpforms-field-large wpforms-field-required\" name=\"wpforms[fields][0]\" placeholder=\"Your Name\" aria-errormessage=\"wpforms-27717-field_0-error\" required><\/div><div id=\"wpforms-27717-field_1-container\" class=\"wpforms-field wpforms-field-email\" data-field-id=\"1\"><label class=\"wpforms-field-label\" for=\"wpforms-27717-field_1\">Email <span class=\"wpforms-required-label\" aria-hidden=\"true\">*<\/span><\/label><input type=\"email\" id=\"wpforms-27717-field_1\" class=\"wpforms-field-large wpforms-field-required\" name=\"wpforms[fields][1]\" placeholder=\"Your Email\" spellcheck=\"false\" aria-errormessage=\"wpforms-27717-field_1-error\" required><\/div><div id=\"wpforms-27717-field_15-container\" class=\"wpforms-field wpforms-field-text\" data-field-id=\"15\"><label class=\"wpforms-field-label\" for=\"wpforms-27717-field_15\">Country <span class=\"wpforms-required-label\" aria-hidden=\"true\">*<\/span><\/label><input type=\"text\" id=\"wpforms-27717-field_15\" class=\"wpforms-field-large wpforms-field-required\" name=\"wpforms[fields][15]\" placeholder=\"Your Country\" aria-errormessage=\"wpforms-27717-field_15-error\" required><\/div><div id=\"wpforms-27717-field_5-container\" class=\"wpforms-field wpforms-field-text\" data-field-id=\"5\"><label class=\"wpforms-field-label\" for=\"wpforms-27717-field_5\">City <span class=\"wpforms-required-label\" aria-hidden=\"true\">*<\/span><\/label><input type=\"text\" id=\"wpforms-27717-field_5\" class=\"wpforms-field-large wpforms-field-required\" name=\"wpforms[fields][5]\" placeholder=\"Your City\" aria-errormessage=\"wpforms-27717-field_5-error\" required><\/div><div id=\"wpforms-27717-field_7-container\" class=\"wpforms-field wpforms-field-text\" data-field-id=\"7\"><label class=\"wpforms-field-label\" for=\"wpforms-27717-field_7\">Phone<\/label><input type=\"text\" id=\"wpforms-27717-field_7\" class=\"wpforms-field-large\" name=\"wpforms[fields][7]\" placeholder=\"Phone\" aria-errormessage=\"wpforms-27717-field_7-error\" ><\/div><div id=\"wpforms-27717-field_2-container\" class=\"wpforms-field wpforms-field-textarea\" data-field-id=\"2\"><label class=\"wpforms-field-label\" for=\"wpforms-27717-field_2\">Additional message <span class=\"wpforms-required-label\" aria-hidden=\"true\">*<\/span><\/label><textarea id=\"wpforms-27717-field_2\" class=\"wpforms-field-small wpforms-field-required\" name=\"wpforms[fields][2]\" placeholder=\"Your Message\" aria-errormessage=\"wpforms-27717-field_2-error\" required><\/textarea><\/div><div id=\"wpforms-27717-field_12-container\" class=\"wpforms-field wpforms-field-checkbox\" data-field-id=\"12\"><fieldset><legend class=\"wpforms-field-label\">  <span class=\"wpforms-required-label\" aria-hidden=\"true\">*<\/span><\/legend><ul id=\"wpforms-27717-field_12\" class=\"wpforms-field-required\"><li class=\"choice-1 depth-1\"><input type=\"checkbox\" id=\"wpforms-27717-field_12_1\" name=\"wpforms[fields][12][]\" value=\"Business Interchallenge is committed to protecting your information. Your information will be used in accordance with the applicable data privacy law, our internal policies and our privacy policy. As Business Interchallenge is a global organisation, your information may be stored and processed by Business Interchallenge and its affiliates in countries outside your country of residence, but wherever your information is processed, we will handle it with the same care and respect for your privacy.\" aria-errormessage=\"wpforms-27717-field_12_1-error\" required ><label class=\"wpforms-field-label-inline\" for=\"wpforms-27717-field_12_1\">Business Interchallenge is committed to protecting your information. Your information will be used in accordance with the applicable data privacy law, our internal policies and our privacy policy. As Business Interchallenge is a global organisation, your information may be stored and processed by Business Interchallenge and its affiliates in countries outside your country of residence, but wherever your information is processed, we will handle it with the same care and respect for your privacy.<\/label><\/li><\/ul><\/fieldset><\/div><\/div><!-- .wpforms-field-container --><div class=\"wpforms-field wpforms-field-hp\"><label for=\"wpforms-27717-field-hp\" class=\"wpforms-field-label\">Phone<\/label><input type=\"text\" name=\"wpforms[hp]\" id=\"wpforms-27717-field-hp\" class=\"wpforms-field-medium\"><\/div><div class=\"wpforms-submit-container\" ><input type=\"hidden\" name=\"wpforms[id]\" value=\"27717\"><input type=\"hidden\" name=\"page_title\" value=\"\"><input type=\"hidden\" name=\"page_url\" value=\"https:\/\/businessinterchallenge.com\/pt\/wp-json\/wp\/v2\/pages\/27721\"><input type=\"hidden\" name=\"url_referer\" value=\"\"><button type=\"submit\" name=\"wpforms[submit]\" id=\"wpforms-submit-27717\" class=\"wpforms-submit\" data-alt-text=\"Sending...\" data-submit-text=\"Submit\" aria-live=\"assertive\" value=\"wpforms-submit\">Submit<\/button><\/div><input type=\"hidden\" id=\"ct_checkjs_wpforms_8efb100a295c0c690931222ff4467bb8\" name=\"ct_checkjs_wpforms\" value=\"0\" \/><script>setTimeout(function(){var ct_input_name = \"ct_checkjs_wpforms_8efb100a295c0c690931222ff4467bb8\";if (document.getElementById(ct_input_name) !== null) {var ct_input_value = document.getElementById(ct_input_name).value;document.getElementById(ct_input_name).value = document.getElementById(ct_input_name).value.replace(ct_input_value, '1103453611');}}, 1000);<\/script><input\n                    class=\"apbct_special_field apbct_email_id__wp_wpforms\"\n                    name=\"apbct__email_id__wp_wpforms\"\n                    aria-label=\"apbct__label_id__wp_wpforms\"\n                    type=\"text\" size=\"30\" maxlength=\"200\" autocomplete=\"off\"\n                    value=\"\"\n                \/><\/form><\/div>  <!-- .wpforms-container --><\/div>\n\t\t\t\t\t\t<\/div>\n\t\t\t\t<\/div>\n\t\t\t\t<\/div>\n\t\t\t\t\t<\/div>\n\t\t\t\t<\/div>\n\t\t\t\t<\/div>\n\t\t","protected":false},"excerpt":{"rendered":"<p>Carreiras Na Business InterChallenge, estamos constantemente \u00e0 procura de talentos excepcionais para se juntarem \u00e0 nossa equipa din\u00e2mica e apaixonada. Descubra as nossas vagas actuais e encontre a oportunidade perfeita para si. D\u00ea o pr\u00f3ximo passo na sua carreira e fa\u00e7a parte de uma empresa que est\u00e1 a mudar o mundo dos neg\u00f3cios!<\/p>","protected":false},"author":1,"featured_media":0,"parent":0,"menu_order":0,"comment_status":"closed","ping_status":"closed","template":"","meta":{"_uag_custom_page_level_css":"","site-sidebar-layout":"no-sidebar","site-content-layout":"page-builder","ast-site-content-layout":"","site-content-style":"default","site-sidebar-style":"default","ast-global-header-display":"","ast-banner-title-visibility":"","ast-main-header-display":"","ast-hfb-above-header-display":"","ast-hfb-below-header-display":"","ast-hfb-mobile-header-display":"","site-post-title":"disabled","ast-breadcrumbs-content":"","ast-featured-img":"disabled","footer-sml-layout":"","theme-transparent-header-meta":"enabled","adv-header-id-meta":"","stick-header-meta":"","header-above-stick-meta":"","header-main-stick-meta":"","header-below-stick-meta":"","astra-migrate-meta-layouts":"default","ast-page-background-enabled":"default","ast-page-background-meta":{"desktop":{"background-color":"","background-image":"","background-repeat":"repeat","background-position":"center center","background-size":"auto","background-attachment":"scroll","background-type":"","background-media":"","overlay-type":"","overlay-color":"","overlay-opacity":"","overlay-gradient":""},"tablet":{"background-color":"","background-image":"","background-repeat":"repeat","background-position":"center center","background-size":"auto","background-attachment":"scroll","background-type":"","background-media":"","overlay-type":"","overlay-color":"","overlay-opacity":"","overlay-gradient":""},"mobile":{"background-color":"","background-image":"","background-repeat":"repeat","background-position":"center center","background-size":"auto","background-attachment":"scroll","background-type":"","background-media":"","overlay-type":"","overlay-color":"","overlay-opacity":"","overlay-gradient":""}},"ast-content-background-meta":{"desktop":{"background-color":"var(--ast-global-color-5)","background-image":"","background-repeat":"repeat","background-position":"center center","background-size":"auto","background-attachment":"scroll","background-type":"","background-media":"","overlay-type":"","overlay-color":"","overlay-opacity":"","overlay-gradient":""},"tablet":{"background-color":"var(--ast-global-color-5)","background-image":"","background-repeat":"repeat","background-position":"center center","background-size":"auto","background-attachment":"scroll","background-type":"","background-media":"","overlay-type":"","overlay-color":"","overlay-opacity":"","overlay-gradient":""},"mobile":{"background-color":"var(--ast-global-color-5)","background-image":"","background-repeat":"repeat","background-position":"center center","background-size":"auto","background-attachment":"scroll","background-type":"","background-media":"","overlay-type":"","overlay-color":"","overlay-opacity":"","overlay-gradient":""}},"footnotes":""},"class_list":["post-27721","page","type-page","status-publish","hentry"],"uagb_featured_image_src":{"full":false,"thumbnail":false,"medium":false,"medium_large":false,"large":false,"1536x1536":false,"2048x2048":false,"trp-custom-language-flag":false},"uagb_author_info":{"display_name":"ADMIN","author_link":"https:\/\/businessinterchallenge.com\/pt\/author\/admin\/"},"uagb_comment_info":0,"uagb_excerpt":"Careers At Business InterChallenge, we are constantly looking for exceptional talent to join our dynamic and passionate team. Discover our current vacancies and find the perfect opportunity for you. Take the next step in your career and be part of a company that is changing the business world!","_links":{"self":[{"href":"https:\/\/businessinterchallenge.com\/pt\/wp-json\/wp\/v2\/pages\/27721","targetHints":{"allow":["GET"]}}],"collection":[{"href":"https:\/\/businessinterchallenge.com\/pt\/wp-json\/wp\/v2\/pages"}],"about":[{"href":"https:\/\/businessinterchallenge.com\/pt\/wp-json\/wp\/v2\/types\/page"}],"author":[{"embeddable":true,"href":"https:\/\/businessinterchallenge.com\/pt\/wp-json\/wp\/v2\/users\/1"}],"replies":[{"embeddable":true,"href":"https:\/\/businessinterchallenge.com\/pt\/wp-json\/wp\/v2\/comments?post=27721"}],"version-history":[{"count":22,"href":"https:\/\/businessinterchallenge.com\/pt\/wp-json\/wp\/v2\/pages\/27721\/revisions"}],"predecessor-version":[{"id":28803,"href":"https:\/\/businessinterchallenge.com\/pt\/wp-json\/wp\/v2\/pages\/27721\/revisions\/28803"}],"wp:attachment":[{"href":"https:\/\/businessinterchallenge.com\/pt\/wp-json\/wp\/v2\/media?parent=27721"}],"curies":[{"name":"wp","href":"https:\/\/api.w.org\/{rel}","templated":true}]}}