{"id":27703,"date":"2024-06-12T16:34:35","date_gmt":"2024-06-12T16:34:35","guid":{"rendered":"http:\/\/kubernetech.com\/?page_id=27703"},"modified":"2024-06-20T02:36:11","modified_gmt":"2024-06-20T02:36:11","slug":"accessibility-statement","status":"publish","type":"page","link":"https:\/\/businessinterchallenge.com\/pt\/accessibility-statement\/","title":{"rendered":"Declara\u00e7\u00e3o de acessibilidade"},"content":{"rendered":"<div data-elementor-type=\"wp-page\" data-elementor-id=\"27703\" class=\"elementor elementor-27703\" data-elementor-post-type=\"page\">\n\t\t\t\t<div class=\"elementor-element elementor-element-140dde4 e-flex e-con-boxed e-con e-parent\" data-id=\"140dde4\" data-element_type=\"container\" data-e-type=\"container\">\n\t\t\t\t\t<div class=\"e-con-inner\">\n\t\t\t\t<div class=\"elementor-element elementor-element-9b2d296 elementor-widget elementor-widget-image-box\" data-id=\"9b2d296\" data-element_type=\"widget\" data-e-type=\"widget\" data-widget_type=\"image-box.default\">\n\t\t\t\t<div class=\"elementor-widget-container\">\n\t\t\t\t\t<div class=\"elementor-image-box-wrapper\"><div class=\"elementor-image-box-content\"><h3 class=\"elementor-image-box-title\">Declara\u00e7\u00e3o de acessibilidade<\/h3><p class=\"elementor-image-box-description\">Esfor\u00e7amo-nos por proporcionar \u00e0s pessoas com defici\u00eancia igualdade de acesso aos nossos servi\u00e7os,\nincluindo atrav\u00e9s de um s\u00edtio Web acess\u00edvel. Se tiver perguntas, coment\u00e1rios ou\nou se tiver alguma dificuldade em utilizar o nosso s\u00edtio, por favor\ncontactar:&nbsp;<b>contact@businessinterchallenge.com<\/b><\/p><\/div><\/div>\t\t\t\t<\/div>\n\t\t\t\t<\/div>\n\t\t\t\t\t<\/div>\n\t\t\t\t<\/div>\n\t\t\t\t<\/div>","protected":false},"excerpt":{"rendered":"<p>Declara\u00e7\u00e3o de acessibilidade Esfor\u00e7amo-nos por proporcionar \u00e0s pessoas com defici\u00eancia igualdade de acesso aos nossos servi\u00e7os, nomeadamente atrav\u00e9s de um s\u00edtio Web acess\u00edvel. Se tiver perguntas, coment\u00e1rios ou qualquer dificuldade em utilizar o nosso s\u00edtio, contacte: contact@businessinterchallenge.com<\/p>","protected":false},"author":1,"featured_media":0,"parent":0,"menu_order":0,"comment_status":"closed","ping_status":"closed","template":"","meta":{"_uag_custom_page_level_css":"","site-sidebar-layout":"default","site-content-layout":"","ast-site-content-layout":"","site-content-style":"default","site-sidebar-style":"default","ast-global-header-display":"","ast-banner-title-visibility":"","ast-main-header-display":"","ast-hfb-above-header-display":"","ast-hfb-below-header-display":"","ast-hfb-mobile-header-display":"","site-post-title":"","ast-breadcrumbs-content":"","ast-featured-img":"","footer-sml-layout":"","theme-transparent-header-meta":"","adv-header-id-meta":"","stick-header-meta":"","header-above-stick-meta":"","header-main-stick-meta":"","header-below-stick-meta":"","astra-migrate-meta-layouts":"default","ast-page-background-enabled":"default","ast-page-background-meta":{"desktop":{"background-color":"","background-image":"","background-repeat":"repeat","background-position":"center center","background-size":"auto","background-attachment":"scroll","background-type":"","background-media":"","overlay-type":"","overlay-color":"","overlay-opacity":"","overlay-gradient":""},"tablet":{"background-color":"","background-image":"","background-repeat":"repeat","background-position":"center center","background-size":"auto","background-attachment":"scroll","background-type":"","background-media":"","overlay-type":"","overlay-color":"","overlay-opacity":"","overlay-gradient":""},"mobile":{"background-color":"","background-image":"","background-repeat":"repeat","background-position":"center center","background-size":"auto","background-attachment":"scroll","background-type":"","background-media":"","overlay-type":"","overlay-color":"","overlay-opacity":"","overlay-gradient":""}},"ast-content-background-meta":{"desktop":{"background-color":"var(--ast-global-color-5)","background-image":"","background-repeat":"repeat","background-position":"center center","background-size":"auto","background-attachment":"scroll","background-type":"","background-media":"","overlay-type":"","overlay-color":"","overlay-opacity":"","overlay-gradient":""},"tablet":{"background-color":"var(--ast-global-color-5)","background-image":"","background-repeat":"repeat","background-position":"center center","background-size":"auto","background-attachment":"scroll","background-type":"","background-media":"","overlay-type":"","overlay-color":"","overlay-opacity":"","overlay-gradient":""},"mobile":{"background-color":"var(--ast-global-color-5)","background-image":"","background-repeat":"repeat","background-position":"center center","background-size":"auto","background-attachment":"scroll","background-type":"","background-media":"","overlay-type":"","overlay-color":"","overlay-opacity":"","overlay-gradient":""}},"footnotes":""},"class_list":["post-27703","page","type-page","status-publish","hentry"],"uagb_featured_image_src":{"full":false,"thumbnail":false,"medium":false,"medium_large":false,"large":false,"1536x1536":false,"2048x2048":false,"trp-custom-language-flag":false},"uagb_author_info":{"display_name":"ADMIN","author_link":"https:\/\/businessinterchallenge.com\/pt\/author\/admin\/"},"uagb_comment_info":0,"uagb_excerpt":"Accessibility statement We strive to provide individuals with disabilities equal access to our services, including through an accessible website. If you have questions, comments, or encounter any difficulty in using our site, please contact:&nbsp;contact@businessinterchallenge.com","_links":{"self":[{"href":"https:\/\/businessinterchallenge.com\/pt\/wp-json\/wp\/v2\/pages\/27703","targetHints":{"allow":["GET"]}}],"collection":[{"href":"https:\/\/businessinterchallenge.com\/pt\/wp-json\/wp\/v2\/pages"}],"about":[{"href":"https:\/\/businessinterchallenge.com\/pt\/wp-json\/wp\/v2\/types\/page"}],"author":[{"embeddable":true,"href":"https:\/\/businessinterchallenge.com\/pt\/wp-json\/wp\/v2\/users\/1"}],"replies":[{"embeddable":true,"href":"https:\/\/businessinterchallenge.com\/pt\/wp-json\/wp\/v2\/comments?post=27703"}],"version-history":[{"count":18,"href":"https:\/\/businessinterchallenge.com\/pt\/wp-json\/wp\/v2\/pages\/27703\/revisions"}],"predecessor-version":[{"id":28978,"href":"https:\/\/businessinterchallenge.com\/pt\/wp-json\/wp\/v2\/pages\/27703\/revisions\/28978"}],"wp:attachment":[{"href":"https:\/\/businessinterchallenge.com\/pt\/wp-json\/wp\/v2\/media?parent=27703"}],"curies":[{"name":"wp","href":"https:\/\/api.w.org\/{rel}","templated":true}]}}