{"id":27698,"date":"2024-06-12T16:29:33","date_gmt":"2024-06-12T16:29:33","guid":{"rendered":"http:\/\/kubernetech.com\/?page_id=27698"},"modified":"2024-06-19T01:08:03","modified_gmt":"2024-06-19T01:08:03","slug":"terms-of-use","status":"publish","type":"page","link":"https:\/\/businessinterchallenge.com\/pt\/terms-of-use\/","title":{"rendered":"Termos de utiliza\u00e7\u00e3o"},"content":{"rendered":"<div data-elementor-type=\"wp-page\" data-elementor-id=\"27698\" class=\"elementor elementor-27698\" data-elementor-post-type=\"page\">\n\t\t\t\t<div class=\"elementor-element elementor-element-24d8358b e-flex e-con-boxed e-con e-parent\" data-id=\"24d8358b\" data-element_type=\"container\" data-e-type=\"container\">\n\t\t\t\t\t<div class=\"e-con-inner\">\n\t\t\t\t<div class=\"elementor-element elementor-element-349990a elementor-widget elementor-widget-heading\" data-id=\"349990a\" data-element_type=\"widget\" data-e-type=\"widget\" data-widget_type=\"heading.default\">\n\t\t\t\t<div class=\"elementor-widget-container\">\n\t\t\t\t\t<h2 class=\"elementor-heading-title elementor-size-default\">Termos de utiliza\u00e7\u00e3o<\/h2>\t\t\t\t<\/div>\n\t\t\t\t<\/div>\n\t\t\t\t<div class=\"elementor-element elementor-element-037b444 elementor-widget elementor-widget-text-editor\" data-id=\"037b444\" data-element_type=\"widget\" data-e-type=\"widget\" data-widget_type=\"text-editor.default\">\n\t\t\t\t<div class=\"elementor-widget-container\">\n\t\t\t\t\t\t\t\t\t<p>Business Interchallenge e as suas afiliadas (\"Business Interchallenge\" ou \"n\u00f3s\") fornece o seu conte\u00fado nos seus websites ou aplica\u00e7\u00f5es que colocam um link para estes Termos de Utiliza\u00e7\u00e3o (o \"Site\") sujeito aos seguintes termos e condi\u00e7\u00f5es (os \"Termos\"). Podemos alterar periodicamente os Termos sem aviso pr\u00e9vio, por isso, consulte-os de vez em quando. Estes Termos foram actualizados pela \u00faltima vez em 11 de junho de 2024. Ao aceder e utilizar este Site, o utilizador concorda com estes Termos. Para uma explica\u00e7\u00e3o das pr\u00e1ticas e pol\u00edticas da Business Interchallenge relacionadas com a recolha, uso e armazenamento da informa\u00e7\u00e3o dos nossos utilizadores, por favor leia a nossa Pol\u00edtica de Privacidade.<\/p>\t\t\t\t\t\t\t\t<\/div>\n\t\t\t\t<\/div>\n\t\t\t\t<div class=\"elementor-element elementor-element-079e7fc elementor-widget elementor-widget-heading\" data-id=\"079e7fc\" data-element_type=\"widget\" data-e-type=\"widget\" data-widget_type=\"heading.default\">\n\t\t\t\t<div class=\"elementor-widget-container\">\n\t\t\t\t\t<h3 class=\"elementor-heading-title elementor-size-default\">1. Direitos de autor<\/h3>\t\t\t\t<\/div>\n\t\t\t\t<\/div>\n\t\t\t\t<div class=\"elementor-element elementor-element-ba079b4 elementor-widget elementor-widget-text-editor\" data-id=\"ba079b4\" data-element_type=\"widget\" data-e-type=\"widget\" data-widget_type=\"text-editor.default\">\n\t\t\t\t<div class=\"elementor-widget-container\">\n\t\t\t\t\t\t\t\t\t<p>Todo o conte\u00fado e funcionalidade do Site, incluindo texto, gr\u00e1ficos, log\u00f3tipos, \u00edcones, imagens e v\u00eddeos e a sele\u00e7\u00e3o e arranjo dos mesmos, al\u00e9m de quaisquer conceitos, know-how, ferramentas, estruturas, software, aplica\u00e7\u00f5es ou outra tecnologia, algoritmos, modelos, processos e perspectivas da ind\u00fastria subjacentes ou incorporadas no precedente, juntamente com quaisquer melhorias ou trabalhos derivados (o \"Conte\u00fado do Site\") \u00e9 propriedade exclusiva da Business Interchallenge ou dos seus licenciadores e, na medida do aplic\u00e1vel, est\u00e1 protegido pelas leis de direitos de autor dos EUA e internacionais. Nem o Conte\u00fado do Site nem a funcionalidade do Site, podem ser copiados, reproduzidos, modificados, com engenharia reversa, alterados (incluindo a remo\u00e7\u00e3o ou desativa\u00e7\u00e3o de qualquer seguran\u00e7a ou salvaguardas tecnol\u00f3gicas, isen\u00e7\u00f5es de responsabilidade, ou legendas) carregados, publicados, enviados, postados, transmitidos, ou distribu\u00eddos de qualquer forma sem a nossa permiss\u00e3o por escrito. Todos os direitos n\u00e3o expressamente concedidos s\u00e3o reservados.\u00a0<\/p>\t\t\t\t\t\t\t\t<\/div>\n\t\t\t\t<\/div>\n\t\t\t\t\t<\/div>\n\t\t\t\t<\/div>\n\t\t<div class=\"elementor-element elementor-element-140dde4 e-flex e-con-boxed e-con e-parent\" data-id=\"140dde4\" data-element_type=\"container\" data-e-type=\"container\">\n\t\t\t\t\t<div class=\"e-con-inner\">\n\t\t\t\t<div class=\"elementor-element elementor-element-9b2d296 elementor-widget elementor-widget-image-box\" data-id=\"9b2d296\" data-element_type=\"widget\" data-e-type=\"widget\" data-widget_type=\"image-box.default\">\n\t\t\t\t<div class=\"elementor-widget-container\">\n\t\t\t\t\t<div class=\"elementor-image-box-wrapper\"><div class=\"elementor-image-box-content\"><h3 class=\"elementor-image-box-title\">2. Marcas registadas<\/h3><p class=\"elementor-image-box-description\">As marcas comerciais, marcas de servi\u00e7o, desenhos e log\u00f3tipos (coletivamente, as \"Marcas Comerciais\")\nexibidas no Site s\u00e3o as marcas registadas e n\u00e3o registadas da Business\nInterchallenge e seus licenciadores. Voc\u00ea concorda que, exceto quando expressamente permitido por\nn\u00f3s (e.g., atrav\u00e9s de ferramentas de partilha de redes sociais fornecidas no Site) ou pelos nossos\nlicenciadores, onde aplic\u00e1vel, voc\u00ea n\u00e3o ir\u00e1 referir ou atribuir qualquer informa\u00e7\u00e3o a\nBusiness Interchallenge ou seus licenciadores em qualquer meio p\u00fablico (por exemplo, comunicado de imprensa,\nsites, ou redes sociais p\u00fablicas) para fins de publicidade ou promo\u00e7\u00e3o, ou para o\ncom o objetivo de informar ou influenciar qualquer terceiro e que n\u00e3o ir\u00e1 usar ou\nreproduzir qualquer marca registada de, ou implicar qualquer endosso ou rela\u00e7\u00e3o com,\nBusiness Interchallenge ou seus licenciadores.<\/p><\/div><\/div>\t\t\t\t<\/div>\n\t\t\t\t<\/div>\n\t\t\t\t<div class=\"elementor-element elementor-element-a3a0afb elementor-widget elementor-widget-image-box\" data-id=\"a3a0afb\" data-element_type=\"widget\" data-e-type=\"widget\" data-widget_type=\"image-box.default\">\n\t\t\t\t<div class=\"elementor-widget-container\">\n\t\t\t\t\t<div class=\"elementor-image-box-wrapper\"><div class=\"elementor-image-box-content\"><h3 class=\"elementor-image-box-title\">3. Utiliza\u00e7\u00e3o do conte\u00fado do s\u00edtio<\/h3><p class=\"elementor-image-box-description\">Business Interchallenge concede-lhe por este meio uma licen\u00e7a limitada, n\u00e3o exclusiva, n\u00e3o\nn\u00e3o-exclusiva, n\u00e3o-transfer\u00edvel, licen\u00e7a revog\u00e1vel para o termo deste para acessar e fazer download,\nexibir, e imprimir uma c\u00f3pia do Conte\u00fado do Site em qualquer computador \u00fanico somente para\n\nexclusivamente para seu uso interno e comercial, desde que n\u00e3o modifique o Conte\u00fado do Site de qualquer\n(incluindo a cria\u00e7\u00e3o de trabalhos derivados), que mantenha todos os direitos de autor e\ne outros avisos de propriedade apresentados no Conte\u00fado do S\u00edtio e que\ncumpra os presentes Termos. O utilizador n\u00e3o pode reproduzir, modificar, efetuar engenharia reversa\nfazer engenharia reversa, distribuir, transmitir, postar, ou divulgar o Conte\u00fado do Site sem a pr\u00e9via autoriza\u00e7\u00e3o por escrito da Business\nInterchallenge sem o consentimento pr\u00e9vio por escrito. Al\u00e9m disso, voc\u00ea n\u00e3o pode \"espelhar\" o Conte\u00fado do Site\nConte\u00fado do Site ou qualquer parte dele sem o consentimento expresso por escrito da Business Interchallenge.\nconsentimento expresso por escrito da Business Interchallenge. Nada neste Site deve ser interpretado como concess\u00e3o direta ou indireta,\nou por implica\u00e7\u00e3o qualquer licen\u00e7a ou direito de usar qualquer propriedade intelectual da Business Interchallenge\npropriedade intelectual da Business Interchallenge que n\u00e3o seja a expressamente estabelecida neste documento. A licen\u00e7a concedida nesta sec\u00e7\u00e3o\nsec\u00e7\u00e3o termina automaticamente e imediatamente se o utilizador n\u00e3o cumprir com estes\nTermos.<\/p><\/div><\/div>\t\t\t\t<\/div>\n\t\t\t\t<\/div>\n\t\t\t\t<div class=\"elementor-element elementor-element-f5344ae elementor-widget elementor-widget-image-box\" data-id=\"f5344ae\" data-element_type=\"widget\" data-e-type=\"widget\" data-widget_type=\"image-box.default\">\n\t\t\t\t<div class=\"elementor-widget-container\">\n\t\t\t\t\t<div class=\"elementor-image-box-wrapper\"><div class=\"elementor-image-box-content\"><h3 class=\"elementor-image-box-title\">4. Lan\u00e7amentos dos utilizadores<\/h3><p class=\"elementor-image-box-description\">O utilizador reconhece e concorda que Business Interchallenge deve possuir e ter o\ndireito irrestrito de usar, publicar, e de outra forma explorar toda e qualquer informa\u00e7\u00e3o que\nvoc\u00ea postar ou de outra forma publicar no Site em postagens, f\u00f3runs ou quadros de mensagens,\nquestion\u00e1rios, respostas a inqu\u00e9ritos e outros, e o utilizador reconhece e concorda\nque, ao fornecer-nos qualquer envio deste tipo, concede-nos automaticamente, e pelo presente\nconcede-nos uma licen\u00e7a mundial, n\u00e3o exclusiva, transfer\u00edvel, atribu\u00edvel, sublicenci\u00e1vel,\ntotalmente paga, isenta de royalties, perp\u00e9tua, irrevog\u00e1vel, licen\u00e7a e direito de utilizar,\nreproduzir, publicar, distribuir, modificar e de outra forma explorar essa submiss\u00e3o para\nqualquer finalidade, e em qualquer forma ou meio, n\u00e3o proibida pela legisla\u00e7\u00e3o aplic\u00e1vel. Para al\u00e9m\nAl\u00e9m disso, voc\u00ea renuncia a qualquer reclama\u00e7\u00e3o contra a Business Interchallenge por qualquer\nalegadas ou reais infrac\u00e7\u00f5es de quaisquer direitos de privacidade ou publicidade, direitos de propriedade\ndireitos de propriedade intelectual, direitos morais, ou direitos de atribui\u00e7\u00e3o em conex\u00e3o com o uso e\nBusiness Interchallenge em rela\u00e7\u00e3o ao uso e publica\u00e7\u00e3o de tais submiss\u00f5es.\nO utilizador compromete-se a n\u00e3o colocar ou publicar no Site quaisquer materiais\nque (a) sejam amea\u00e7adores, caluniosos, difamat\u00f3rios, ou obscenos; (b) constituam, ou\n(b) constituam ou incentivem uma conduta que constitua uma infra\u00e7\u00e3o penal, d\u00ea origem a responsabilidade civil ou\n(c) infrinjam a propriedade intelectual, a privacidade ou outros direitos de terceiros\npropriedade intelectual, privacidade ou outros direitos de terceiros; (d) conter um v\u00edrus inform\u00e1tico ou outro elemento\ndestrutivo; (e) contenha publicidade; (f) constitua ou contenha declara\u00e7\u00f5es falsas ou\ndeclara\u00e7\u00f5es falsas ou enganosas; ou (g) viola estes Termos.\nBusiness Interchallenge n\u00e3o representa ou endossa a exatid\u00e3o da fiabilidade da\ninforma\u00e7\u00f5es postadas no site pelos utilizadores. Para al\u00e9m disso, a Business Interchallenge n\u00e3o\nn\u00e3o pode rever toda a informa\u00e7\u00e3o colocada no site pelos utilizadores e n\u00e3o \u00e9\nrespons\u00e1vel por tais informa\u00e7\u00f5es. No entanto, a Business Interchallenge reserva-se o\ndireito de recusar a publica\u00e7\u00e3o e o direito de remover qualquer informa\u00e7\u00e3o, no todo ou em parte,\npor qualquer raz\u00e3o ou sem raz\u00e3o.<\/p><\/div><\/div>\t\t\t\t<\/div>\n\t\t\t\t<\/div>\n\t\t\t\t\t<\/div>\n\t\t\t\t<\/div>\n\t\t<div class=\"elementor-element elementor-element-f155ece e-flex e-con-boxed e-con e-parent\" data-id=\"f155ece\" data-element_type=\"container\" data-e-type=\"container\">\n\t\t\t\t\t<div class=\"e-con-inner\">\n\t\t\t\t<div class=\"elementor-element elementor-element-e2206a6 elementor-widget elementor-widget-image-box\" data-id=\"e2206a6\" data-element_type=\"widget\" data-e-type=\"widget\" data-widget_type=\"image-box.default\">\n\t\t\t\t<div class=\"elementor-widget-container\">\n\t\t\t\t\t<div class=\"elementor-image-box-wrapper\"><div class=\"elementor-image-box-content\"><h3 class=\"elementor-image-box-title\">5. Notifica\u00e7\u00f5es de infra\u00e7\u00e3o e retirada pela Business Interchallenge<\/h3><p class=\"elementor-image-box-description\">Business Interchallenge pro\u00edbe a coloca\u00e7\u00e3o de qualquer informa\u00e7\u00e3o que infrinja ou\nviolam os direitos de autor e\/ou outros direitos de propriedade intelectual (incluindo direitos de\nde privacidade e publicidade) de qualquer pessoa ou entidade. Se voc\u00ea acredita que o seu direito de propriedade intelectual\npropriedade intelectual (ou um direito que seja respons\u00e1vel por fazer cumprir) \u00e9 infringido por\nqualquer conte\u00fado do Site, por favor escreva para a Business Interchallenge no endere\u00e7o\nendere\u00e7o abaixo indicado, dando uma declara\u00e7\u00e3o escrita que contenha: (a) identifica\u00e7\u00e3o do\n(a) identifica\u00e7\u00e3o do trabalho protegido por direitos de autor e\/ou direito de propriedade intelectual que se alega ter sido infringido;\n(b) identifica\u00e7\u00e3o do material alegadamente infrator no Site que \u00e9 solicitado a ser removido\n(c) o seu nome, endere\u00e7o e n\u00famero de telefone diurno, bem como um endere\u00e7o de correio eletr\u00f3nico, se dispon\u00edvel\n(d) uma declara\u00e7\u00e3o de que acredita de boa f\u00e9 que a utiliza\u00e7\u00e3o do trabalho protegido por direitos de autor e\/ou o exerc\u00edcio\nutiliza\u00e7\u00e3o do trabalho protegido por direitos de autor e\/ou o exerc\u00edcio do direito de propriedade intelectual n\u00e3o est\u00e1\nautorizado pelo propriet\u00e1rio, pelo seu agente ou pela lei; (e) uma declara\u00e7\u00e3o de que as informa\u00e7\u00f5es\nna notifica\u00e7\u00e3o \u00e9 exacta e, sob pena de perj\u00fario, que o signat\u00e1rio est\u00e1\nautorizado a agir em nome do propriet\u00e1rio do direito alegadamente infringido; e\n(f) a assinatura do titular do direito de propriedade intelectual ou de algu\u00e9m autorizado em\nautorizado em nome do propriet\u00e1rio para afirmar a infra\u00e7\u00e3o do direito. Business Interchallenge ir\u00e1\nremover\u00e1 qualquer submiss\u00e3o postada que infrinja o copyright ou outro direito de propriedade\npropriedade intelectual de qualquer pessoa sob a lei dos EUA ap\u00f3s o recebimento de tal declara\u00e7\u00e3o (ou\nqualquer declara\u00e7\u00e3o em conformidade com 17 U.S.C. 512(c)(3)). A legisla\u00e7\u00e3o dos EUA prev\u00ea\nA legisla\u00e7\u00e3o dos EUA prev\u00ea san\u00e7\u00f5es significativas para a apresenta\u00e7\u00e3o falsa de uma declara\u00e7\u00e3o deste tipo. Em circunst\u00e2ncias adequadas\ncircunst\u00e2ncias apropriadas, as pessoas que submeterem repetidamente material infrator ou ilegal ser\u00e3o\nser\u00e3o proibidas de enviar mais submiss\u00f5es. O contacto da Business Interchallenge\npara a apresenta\u00e7\u00e3o de avisos \u00e9: Departamento Jur\u00eddico, Business Interchallenge USA LLC,\n560 West 218 th Street, Suite 4C, New York, NY 10034, USA.<\/p><\/div><\/div>\t\t\t\t<\/div>\n\t\t\t\t<\/div>\n\t\t\t\t<div class=\"elementor-element elementor-element-26a1146 elementor-widget elementor-widget-image-box\" data-id=\"26a1146\" data-element_type=\"widget\" data-e-type=\"widget\" data-widget_type=\"image-box.default\">\n\t\t\t\t<div class=\"elementor-widget-container\">\n\t\t\t\t\t<div class=\"elementor-image-box-wrapper\"><div class=\"elementor-image-box-content\"><h3 class=\"elementor-image-box-title\">6. Avisos legais<\/h3><p class=\"elementor-image-box-description\">O CONTE\u00daDO E A FUNCIONALIDADE DO S\u00cdTIO S\u00c3O FORNECIDOS COM O\nENTENDIMENTO QUE A BUSINESS INTERCHALLENGE N\u00c3O EST\u00c1 AQUI\nEST\u00c1 ENVOLVIDA NA PRESTA\u00c7\u00c3O DE ACONSELHAMENTO PROFISSIONAL OU SERVI\u00c7OS AO UTILIZADOR,\nNENHUM CONTE\u00daDO DO SITE TEM A INTEN\u00c7\u00c3O DE SERVIR COMO OU DEVE SER CONSIDERADO\nINVESTIMENTO, LEGAL, FISCAL, CONTABIL\u00cdSTICO OU OUTROS CONSELHOS REGULAMENTADOS,\nE QUE O UTILIZADOR SER\u00c1 O \u00daNICO RESPONS\u00c1VEL PELA SUA UTILIZA\u00c7\u00c3O DE\nTODO O CONTE\u00daDO DO S\u00cdTIO E RECONHECE QUE QUALQUER CONFIAN\u00c7A NO\nCONTE\u00daDO DO S\u00cdTIO SER\u00c1 INTEIRAMENTE DA SUA EXCLUSIVA OP\u00c7\u00c3O E RISCO. TODO\nCONTE\u00daDO E FUNCIONALIDADE DO S\u00cdTIO S\u00c3O FORNECIDOS \"TAL COMO EST\u00c3O\"\nSEM GARANTIA DE QUALQUER TIPO, EXPRESSA OU IMPL\u00cdCITA,\nINCLUINDO, SEM LIMITA\u00c7\u00c3O, GARANTIAS IMPL\u00cdCITAS DE\nCOMERCIALIZA\u00c7\u00c3O E ADEQUA\u00c7\u00c3O A UM DETERMINADO FIM.\nBUSINESS INTERCHALLENGE E OS SEUS TERCEIROS FORNECEDORES DE CONTE\u00daDOS\nN\u00c3O D\u00c3O GARANTIAS, EXPRESSAS OU IMPL\u00cdCITAS, QUANTO \u00c0 PROPRIEDADE,\nPRECIS\u00c3O, OU ADEQUA\u00c7\u00c3O DO CONTE\u00daDO DO SITE. BUSINESS\nINTERCHALLENGE N\u00c3O TER\u00c1 QUALQUER RESPONSABILIDADE OU OBRIGA\u00c7\u00c3O POR\nQUALQUER INFORMA\u00c7\u00c3O PUBLICADA EM SITES LIGADOS, CONTIDOS EM QUALQUER\nSUBMISS\u00d5ES DE UTILIZADORES PUBLICADAS NO SITE, OU FORNECIDAS POR TERCEIROS.\nTERCEIROS. NEM A BUSINESS INTERCHALLENGE NEM OS SEUS TERCEIROS\n\nFORNECEDORES DE CONTE\u00daDOS DE TERCEIROS SER\u00c3O RESPONS\u00c1VEIS POR QUAISQUER DANOS INDIRECTOS, INCIDENTAIS, CONSEQUENCIAIS\nDANOS OU PERDAS INDIRECTAS, INCIDENTAIS, CONSEQUENCIAIS, OU PUNITIVAS OU POR\nOU PERDAS OU POR PERDA DE RECEITAS OU LUCROS, SEJA OU N\u00c3O AVISADO DA POSSIBILIDADE\nDE TAIS DANOS OU PERDAS E INDEPENDENTEMENTE DA TEORIA DE\nRESPONSABILIDADE.<\/p><\/div><\/div>\t\t\t\t<\/div>\n\t\t\t\t<\/div>\n\t\t\t\t\t<\/div>\n\t\t\t\t<\/div>\n\t\t<div class=\"elementor-element elementor-element-f3965f4 e-flex e-con-boxed e-con e-parent\" data-id=\"f3965f4\" data-element_type=\"container\" data-e-type=\"container\">\n\t\t\t\t\t<div class=\"e-con-inner\">\n\t\t\t\t<div class=\"elementor-element elementor-element-b82a7c7 elementor-widget elementor-widget-image-box\" data-id=\"b82a7c7\" data-element_type=\"widget\" data-e-type=\"widget\" data-widget_type=\"image-box.default\">\n\t\t\t\t<div class=\"elementor-widget-container\">\n\t\t\t\t\t<div class=\"elementor-image-box-wrapper\"><div class=\"elementor-image-box-content\"><h3 class=\"elementor-image-box-title\">7. Indemniza\u00e7\u00e3o<\/h3><p class=\"elementor-image-box-description\">Por este meio, o utilizador indemniza, defende e isenta de responsabilidade a Business Interchallenge e todos os\ndos seus predecessores, sucessores, pais, subsidi\u00e1rias, afiliados, oficiais, directores, accionistas, investidores, empregados, agentes, representantes e advogados e\nacionistas, investidores, empregados, agentes, representantes, e advogados e\nseus respectivos herdeiros, sucessores e cession\u00e1rios (\"Business Interchallenge\nPartes Indemnizadas\") de e contra toda e qualquer responsabilidade, despesas, custos, ou\noutras perdas (\"Perdas\") incorridas pela Business Interchallenge e\/ou Partes Indemnizadas da Business Interchallenge\nBusiness Interchallenge e\/ou Partes Indemnizadas da Business Interchallenge em rela\u00e7\u00e3o a qualquer reclama\u00e7\u00e3o decorrente do seu\nuso do Site e\/ou qualquer viola\u00e7\u00e3o por si destes Termos, incluindo as\nrepresenta\u00e7\u00f5es, garantias e conv\u00e9nios que fez, se houver, ao concordar com estes\nTermos. Business Interchallenge reserva-se o direito de assumir, \u00e0s suas pr\u00f3prias custas,\na defesa e controlo exclusivo de qualquer assunto sujeito a\nindemniza\u00e7\u00e3o por si.<\/p><\/div><\/div>\t\t\t\t<\/div>\n\t\t\t\t<\/div>\n\t\t\t\t\t<\/div>\n\t\t\t\t<\/div>\n\t\t<div class=\"elementor-element elementor-element-24dcd10 e-flex e-con-boxed e-con e-parent\" data-id=\"24dcd10\" data-element_type=\"container\" data-e-type=\"container\">\n\t\t\t\t\t<div class=\"e-con-inner\">\n\t\t\t\t<div class=\"elementor-element elementor-element-0c005d2 elementor-widget elementor-widget-image-box\" data-id=\"0c005d2\" data-element_type=\"widget\" data-e-type=\"widget\" data-widget_type=\"image-box.default\">\n\t\t\t\t<div class=\"elementor-widget-container\">\n\t\t\t\t\t<div class=\"elementor-image-box-wrapper\"><div class=\"elementor-image-box-content\"><h3 class=\"elementor-image-box-title\">8. S\u00edtios Web de terceiros e fornecedores<\/h3><p class=\"elementor-image-box-description\">Podemos fornecer liga\u00e7\u00f5es a s\u00edtios Web de terceiros e alguns dos conte\u00fados que parecem\nestar neste S\u00edtio \u00e9, de facto, fornecido, apoiado ou fornecido direta ou indiretamente por\nterceiros, por exemplo, em casos de enquadramento de s\u00edtios Web de terceiros ou\nincorpora\u00e7\u00e3o atrav\u00e9s de framesets de conte\u00fado fornecido por servidores de terceiros.\nA Business Interchallenge n\u00e3o tem qualquer responsabilidade por estes websites de terceiros, que\nterceiros, que s\u00e3o regidos pelos termos de uso e pol\u00edticas de privacidade, se houver, dos\ndos fornecedores de conte\u00fado de terceiros aplic\u00e1veis.<\/p><\/div><\/div>\t\t\t\t<\/div>\n\t\t\t\t<\/div>\n\t\t\t\t<div class=\"elementor-element elementor-element-bc285d6 elementor-widget elementor-widget-image-box\" data-id=\"bc285d6\" data-element_type=\"widget\" data-e-type=\"widget\" data-widget_type=\"image-box.default\">\n\t\t\t\t<div class=\"elementor-widget-container\">\n\t\t\t\t\t<div class=\"elementor-image-box-wrapper\"><div class=\"elementor-image-box-content\"><h3 class=\"elementor-image-box-title\">9. Direito aplic\u00e1vel; jurisdi\u00e7\u00e3o<\/h3><p class=\"elementor-image-box-description\">Estes Termos s\u00e3o regidos pelas leis do Estado de Nova Iorque sem refer\u00eancia\naos princ\u00edpios de conflitos de leis do mesmo.<\/p><\/div><\/div>\t\t\t\t<\/div>\n\t\t\t\t<\/div>\n\t\t\t\t\t<\/div>\n\t\t\t\t<\/div>\n\t\t\t\t<\/div>","protected":false},"excerpt":{"rendered":"<p>Terms of use Business Interchallenge and its affiliates (\u201cBusiness Interchallenge\u201d or \u201cwe\u201d) provides its content on its websites or applications that post a link to this Terms of Use (the \u201cSite\u201d) subject to the following terms and conditions (the \u201cTerms\u201d). We may periodically change the Terms without prior notice, so please check back from time [&hellip;]<\/p>\n","protected":false},"author":1,"featured_media":0,"parent":0,"menu_order":0,"comment_status":"closed","ping_status":"closed","template":"","meta":{"_uag_custom_page_level_css":"","site-sidebar-layout":"default","site-content-layout":"","ast-site-content-layout":"","site-content-style":"default","site-sidebar-style":"default","ast-global-header-display":"","ast-banner-title-visibility":"","ast-main-header-display":"","ast-hfb-above-header-display":"","ast-hfb-below-header-display":"","ast-hfb-mobile-header-display":"","site-post-title":"","ast-breadcrumbs-content":"","ast-featured-img":"","footer-sml-layout":"","theme-transparent-header-meta":"","adv-header-id-meta":"","stick-header-meta":"","header-above-stick-meta":"","header-main-stick-meta":"","header-below-stick-meta":"","astra-migrate-meta-layouts":"default","ast-page-background-enabled":"default","ast-page-background-meta":{"desktop":{"background-color":"","background-image":"","background-repeat":"repeat","background-position":"center center","background-size":"auto","background-attachment":"scroll","background-type":"","background-media":"","overlay-type":"","overlay-color":"","overlay-opacity":"","overlay-gradient":""},"tablet":{"background-color":"","background-image":"","background-repeat":"repeat","background-position":"center center","background-size":"auto","background-attachment":"scroll","background-type":"","background-media":"","overlay-type":"","overlay-color":"","overlay-opacity":"","overlay-gradient":""},"mobile":{"background-color":"","background-image":"","background-repeat":"repeat","background-position":"center center","background-size":"auto","background-attachment":"scroll","background-type":"","background-media":"","overlay-type":"","overlay-color":"","overlay-opacity":"","overlay-gradient":""}},"ast-content-background-meta":{"desktop":{"background-color":"var(--ast-global-color-5)","background-image":"","background-repeat":"repeat","background-position":"center center","background-size":"auto","background-attachment":"scroll","background-type":"","background-media":"","overlay-type":"","overlay-color":"","overlay-opacity":"","overlay-gradient":""},"tablet":{"background-color":"var(--ast-global-color-5)","background-image":"","background-repeat":"repeat","background-position":"center center","background-size":"auto","background-attachment":"scroll","background-type":"","background-media":"","overlay-type":"","overlay-color":"","overlay-opacity":"","overlay-gradient":""},"mobile":{"background-color":"var(--ast-global-color-5)","background-image":"","background-repeat":"repeat","background-position":"center center","background-size":"auto","background-attachment":"scroll","background-type":"","background-media":"","overlay-type":"","overlay-color":"","overlay-opacity":"","overlay-gradient":""}},"footnotes":""},"class_list":["post-27698","page","type-page","status-publish","hentry"],"uagb_featured_image_src":{"full":false,"thumbnail":false,"medium":false,"medium_large":false,"large":false,"1536x1536":false,"2048x2048":false,"trp-custom-language-flag":false},"uagb_author_info":{"display_name":"ADMIN","author_link":"https:\/\/businessinterchallenge.com\/pt\/author\/admin\/"},"uagb_comment_info":0,"uagb_excerpt":"Terms of use Business Interchallenge and its affiliates (\u201cBusiness Interchallenge\u201d or \u201cwe\u201d) provides its content on its websites or applications that post a link to this Terms of Use (the \u201cSite\u201d) subject to the following terms and conditions (the \u201cTerms\u201d). We may periodically change the Terms without prior notice, so please check back from time&hellip;","_links":{"self":[{"href":"https:\/\/businessinterchallenge.com\/pt\/wp-json\/wp\/v2\/pages\/27698","targetHints":{"allow":["GET"]}}],"collection":[{"href":"https:\/\/businessinterchallenge.com\/pt\/wp-json\/wp\/v2\/pages"}],"about":[{"href":"https:\/\/businessinterchallenge.com\/pt\/wp-json\/wp\/v2\/types\/page"}],"author":[{"embeddable":true,"href":"https:\/\/businessinterchallenge.com\/pt\/wp-json\/wp\/v2\/users\/1"}],"replies":[{"embeddable":true,"href":"https:\/\/businessinterchallenge.com\/pt\/wp-json\/wp\/v2\/comments?post=27698"}],"version-history":[{"count":10,"href":"https:\/\/businessinterchallenge.com\/pt\/wp-json\/wp\/v2\/pages\/27698\/revisions"}],"predecessor-version":[{"id":28940,"href":"https:\/\/businessinterchallenge.com\/pt\/wp-json\/wp\/v2\/pages\/27698\/revisions\/28940"}],"wp:attachment":[{"href":"https:\/\/businessinterchallenge.com\/pt\/wp-json\/wp\/v2\/media?parent=27698"}],"curies":[{"name":"wp","href":"https:\/\/api.w.org\/{rel}","templated":true}]}}