{"id":27698,"date":"2024-06-12T16:29:33","date_gmt":"2024-06-12T16:29:33","guid":{"rendered":"http:\/\/kubernetech.com\/?page_id=27698"},"modified":"2024-06-19T01:08:03","modified_gmt":"2024-06-19T01:08:03","slug":"terms-of-use","status":"publish","type":"page","link":"https:\/\/businessinterchallenge.com\/es\/terms-of-use\/","title":{"rendered":"Condiciones de uso"},"content":{"rendered":"<div data-elementor-type=\"wp-page\" data-elementor-id=\"27698\" class=\"elementor elementor-27698\" data-elementor-post-type=\"page\">\n\t\t\t\t<div class=\"elementor-element elementor-element-24d8358b e-flex e-con-boxed e-con e-parent\" data-id=\"24d8358b\" data-element_type=\"container\" data-e-type=\"container\">\n\t\t\t\t\t<div class=\"e-con-inner\">\n\t\t\t\t<div class=\"elementor-element elementor-element-349990a elementor-widget elementor-widget-heading\" data-id=\"349990a\" data-element_type=\"widget\" data-e-type=\"widget\" data-widget_type=\"heading.default\">\n\t\t\t\t<div class=\"elementor-widget-container\">\n\t\t\t\t\t<h2 class=\"elementor-heading-title elementor-size-default\">Condiciones de uso<\/h2>\t\t\t\t<\/div>\n\t\t\t\t<\/div>\n\t\t\t\t<div class=\"elementor-element elementor-element-037b444 elementor-widget elementor-widget-text-editor\" data-id=\"037b444\" data-element_type=\"widget\" data-e-type=\"widget\" data-widget_type=\"text-editor.default\">\n\t\t\t\t<div class=\"elementor-widget-container\">\n\t\t\t\t\t\t\t\t\t<p>Business Interchallenge y sus filiales (\"Business Interchallenge\" o \"nosotros\") proporcionan su contenido en sus sitios web o aplicaciones que publican un enlace a estas Condiciones de uso (el \"Sitio\") sujeto a los siguientes t\u00e9rminos y condiciones (las \"Condiciones\"). Podemos modificar peri\u00f3dicamente las Condiciones sin previo aviso, por lo que le recomendamos que las consulte de vez en cuando. Estas Condiciones se actualizaron por \u00faltima vez el 11 de junio de 2024. Al acceder y utilizar este Sitio, usted acepta estas Condiciones. Para una explicaci\u00f3n de las pr\u00e1cticas y pol\u00edticas de Business Interchallenge relacionadas con la recopilaci\u00f3n, uso y almacenamiento de la informaci\u00f3n de nuestros usuarios, lea nuestra Pol\u00edtica de privacidad.<\/p>\t\t\t\t\t\t\t\t<\/div>\n\t\t\t\t<\/div>\n\t\t\t\t<div class=\"elementor-element elementor-element-079e7fc elementor-widget elementor-widget-heading\" data-id=\"079e7fc\" data-element_type=\"widget\" data-e-type=\"widget\" data-widget_type=\"heading.default\">\n\t\t\t\t<div class=\"elementor-widget-container\">\n\t\t\t\t\t<h3 class=\"elementor-heading-title elementor-size-default\">1. Derechos de autor<\/h3>\t\t\t\t<\/div>\n\t\t\t\t<\/div>\n\t\t\t\t<div class=\"elementor-element elementor-element-ba079b4 elementor-widget elementor-widget-text-editor\" data-id=\"ba079b4\" data-element_type=\"widget\" data-e-type=\"widget\" data-widget_type=\"text-editor.default\">\n\t\t\t\t<div class=\"elementor-widget-container\">\n\t\t\t\t\t\t\t\t\t<p>Todo el contenido y funcionalidad del Sitio, incluyendo texto, gr\u00e1ficos, logotipos, \u00edconos, im\u00e1genes y videos y la selecci\u00f3n y disposici\u00f3n de los mismos, adem\u00e1s de cualquier concepto, know-how, herramientas, marcos, software, aplicaciones u otra tecnolog\u00eda, algoritmos, modelos, procesos y perspectivas de la industria subyacentes o incorporados en lo anterior, junto con cualquier mejora o trabajo derivado de los mismos (el \"Contenido del Sitio\") es propiedad exclusiva de Business Interchallenge o sus licenciantes y, en la medida aplicable, est\u00e1 protegido por las leyes estadounidenses e internacionales de derechos de autor. Ni el Contenido del sitio ni la funcionalidad del mismo podr\u00e1n copiarse, reproducirse, modificarse, someterse a ingenier\u00eda inversa, alterarse (incluida la eliminaci\u00f3n o desactivaci\u00f3n de cualquier medida de seguridad o salvaguarda tecnol\u00f3gica, descargos de responsabilidad o leyendas), cargarse, publicarse, subirse, enviarse, transmitirse o distribuirse de ninguna manera sin nuestro permiso por escrito. Quedan reservados todos los derechos no concedidos expresamente.\u00a0<\/p>\t\t\t\t\t\t\t\t<\/div>\n\t\t\t\t<\/div>\n\t\t\t\t\t<\/div>\n\t\t\t\t<\/div>\n\t\t<div class=\"elementor-element elementor-element-140dde4 e-flex e-con-boxed e-con e-parent\" data-id=\"140dde4\" data-element_type=\"container\" data-e-type=\"container\">\n\t\t\t\t\t<div class=\"e-con-inner\">\n\t\t\t\t<div class=\"elementor-element elementor-element-9b2d296 elementor-widget elementor-widget-image-box\" data-id=\"9b2d296\" data-element_type=\"widget\" data-e-type=\"widget\" data-widget_type=\"image-box.default\">\n\t\t\t\t<div class=\"elementor-widget-container\">\n\t\t\t\t\t<div class=\"elementor-image-box-wrapper\"><div class=\"elementor-image-box-content\"><h3 class=\"elementor-image-box-title\">2. Marcas<\/h3><p class=\"elementor-image-box-description\">Las marcas comerciales, marcas de servicio, dise\u00f1os y logotipos (colectivamente, las \"Marcas comerciales\")\nmarcas registradas y no registradas de Business Interchallenge y sus licenciantes.\nInterchallenge y sus licenciantes. Usted acepta que, salvo en los casos expresamente permitidos por\nnosotros (por ejemplo, a trav\u00e9s de las herramientas para compartir en redes sociales proporcionadas en el Sitio) o por nuestros\nlicenciantes, cuando corresponda, usted no har\u00e1 referencia ni atribuir\u00e1 ninguna informaci\u00f3n a\nBusiness Interchallenge o a sus licenciantes en ning\u00fan medio p\u00fablico (por ejemplo, comunicados de prensa,\nsitios web o redes sociales p\u00fablicas) con fines publicitarios o promocionales, o con el\nprop\u00f3sito de informar o influenciar a terceros y que no utilizar\u00e1 ni\nno utilizar\u00e1 ni reproducir\u00e1 ninguna marca comercial de Business Interchallenge ni de sus licencias, ni implicar\u00e1 ning\u00fan tipo de respaldo o relaci\u00f3n con Business Interchallenge o sus licencias,\nBusiness Interchallenge o sus licenciantes.<\/p><\/div><\/div>\t\t\t\t<\/div>\n\t\t\t\t<\/div>\n\t\t\t\t<div class=\"elementor-element elementor-element-a3a0afb elementor-widget elementor-widget-image-box\" data-id=\"a3a0afb\" data-element_type=\"widget\" data-e-type=\"widget\" data-widget_type=\"image-box.default\">\n\t\t\t\t<div class=\"elementor-widget-container\">\n\t\t\t\t\t<div class=\"elementor-image-box-wrapper\"><div class=\"elementor-image-box-content\"><h3 class=\"elementor-image-box-title\">3. Uso del contenido del sitio<\/h3><p class=\"elementor-image-box-description\">Por la presente, Business Interchallenge le concede una licencia limitada, no exclusiva, no\ntransferible y revocable durante el periodo de vigencia del presente documento para acceder y descargar,\nvisualizar e imprimir una copia del Contenido del Sitio en un solo ordenador con el \u00fanico fin de\n\nexclusivamente para su uso comercial interno, siempre que no modifique el Contenido del Sitio de ninguna\n(incluida la creaci\u00f3n de obras derivadas del mismo), conserve todos los derechos de autor y\ntodos los avisos de derechos de autor y otros avisos de propiedad que aparezcan en el Contenido del Sitio, y que usted\ncumpla las presentes Condiciones. Queda prohibida la reproducci\u00f3n, modificaci\u00f3n, ingenier\u00eda inversa\ndistribuir, transmitir, publicar o divulgar el Contenido del sitio sin la previa autorizaci\u00f3n por escrito de Business Interchallenge.\nInterchallenge por escrito. Adem\u00e1s, usted no podr\u00e1 \"reflejar\" el Contenido del Sitio\nel Contenido del Sitio o cualquier parte del mismo sin el consentimiento expreso y por escrito de Business Interchallenge.\nescrito de Business Interchallenge. Nada de lo contenido en este sitio debe interpretarse como concesi\u00f3n directa o indirecta\ndirecta o indirectamente, o por implicaci\u00f3n, licencia o derecho alguno de uso de la propiedad intelectual de Business Interchallenge\npropiedad intelectual de Business Interchallenge, salvo lo expresamente establecido en el presente documento. La licencia otorgada en esta\nsecci\u00f3n termina autom\u00e1tica e inmediatamente si usted no cumple con estos\nT\u00e9rminos.<\/p><\/div><\/div>\t\t\t\t<\/div>\n\t\t\t\t<\/div>\n\t\t\t\t<div class=\"elementor-element elementor-element-f5344ae elementor-widget elementor-widget-image-box\" data-id=\"f5344ae\" data-element_type=\"widget\" data-e-type=\"widget\" data-widget_type=\"image-box.default\">\n\t\t\t\t<div class=\"elementor-widget-container\">\n\t\t\t\t\t<div class=\"elementor-image-box-wrapper\"><div class=\"elementor-image-box-content\"><h3 class=\"elementor-image-box-title\">4. Publicaciones de usuarios<\/h3><p class=\"elementor-image-box-description\">Usted reconoce y acepta que Business Interchallenge ser\u00e1 el propietario y tendr\u00e1 el\nderecho ilimitado a utilizar, publicar y explotar de cualquier otro modo toda la informaci\u00f3n que\nusted env\u00ede o publique de otro modo en el Sitio en anuncios, foros o tablones de mensajes,\ncuestionarios, respuestas a encuestas y de cualquier otro modo, y usted reconoce y acepta\nque, al proporcionarnos dicha informaci\u00f3n, usted nos concede autom\u00e1ticamente, y por la presente\nnos concede una licencia mundial, no exclusiva, transferible, asignable, sublicenciable,\ntotalmente pagada, libre de regal\u00edas, perpetua, irrevocable licencia y derecho a utilizar,\nreproducir, publicar, distribuir, modificar y explotar de otro modo dicha presentaci\u00f3n para\ncualquier fin, y en cualquier forma o medio, que no est\u00e9 prohibido por la legislaci\u00f3n aplicable. En\nAdem\u00e1s, por la presente renuncia a cualquier reclamaci\u00f3n contra Business Interchallenge por cualquier\ninfracci\u00f3n supuesta o real de los derechos de privacidad o publicidad, derechos de propiedad\nderechos de propiedad intelectual, derechos morales o derechos de atribuci\u00f3n en relaci\u00f3n con el uso y uso de Business Interchallenge.\nInterchallenge de dichos env\u00edos.\nUsted se compromete a no enviar ni publicar de ninguna otra forma en el sitio ning\u00fan material\nque (a) sean amenazantes, calumniosos, difamatorios u obscenos; (b) constituyan, o\n(b) constituya o fomente una conducta que pueda constituir un delito, dar lugar a responsabilidad\n(c) infrinjan la propiedad intelectual, la privacidad u otros derechos de terceros.\notros derechos de terceros; (d) contenga un virus inform\u00e1tico u otro elemento destructivo\n(e) contenga publicidad; (f) constituya o contenga declaraciones falsas o enga\u00f1osas; o\ndeclaraciones falsas o enga\u00f1osas; o (g) viole estos T\u00e9rminos.\nBusiness Interchallenge no representa ni respalda la exactitud o fiabilidad de la informaci\u00f3n publicada en el Sitio por los usuarios.\ninformaci\u00f3n publicada en el sitio por los usuarios. Adem\u00e1s, Business Interchallenge\nAdem\u00e1s, Business Interchallenge no revisa ni puede revisar toda la informaci\u00f3n publicada en el sitio por los usuarios y no es responsable de dicha informaci\u00f3n.\nresponsable de dicha informaci\u00f3n. No obstante, Business Interchallenge se reserva el\nderecho a negarse a publicar y el derecho a eliminar cualquier informaci\u00f3n, en su totalidad o en parte,\npor cualquier motivo o sin motivo alguno.<\/p><\/div><\/div>\t\t\t\t<\/div>\n\t\t\t\t<\/div>\n\t\t\t\t\t<\/div>\n\t\t\t\t<\/div>\n\t\t<div class=\"elementor-element elementor-element-f155ece e-flex e-con-boxed e-con e-parent\" data-id=\"f155ece\" data-element_type=\"container\" data-e-type=\"container\">\n\t\t\t\t\t<div class=\"e-con-inner\">\n\t\t\t\t<div class=\"elementor-element elementor-element-e2206a6 elementor-widget elementor-widget-image-box\" data-id=\"e2206a6\" data-element_type=\"widget\" data-e-type=\"widget\" data-widget_type=\"image-box.default\">\n\t\t\t\t<div class=\"elementor-widget-container\">\n\t\t\t\t\t<div class=\"elementor-image-box-wrapper\"><div class=\"elementor-image-box-content\"><h3 class=\"elementor-image-box-title\">5. Notificaciones de infracci\u00f3n y retirada por parte de Business Interchallenge<\/h3><p class=\"elementor-image-box-description\">Business Interchallenge proh\u00edbe la publicaci\u00f3n de cualquier informaci\u00f3n que infrinja o\nderechos de autor y\/u otros derechos de propiedad intelectual (incluidos los derechos de\nde privacidad y publicidad) de cualquier persona o entidad. Si usted cree que su derecho de\nderecho de propiedad intelectual (o un derecho de ese tipo que usted sea responsable de hacer valer) es infringido por\ncualquier contenido del sitio, escriba a Business Interchallenge a la direcci\u00f3n\nindicada a continuaci\u00f3n, facilitando una declaraci\u00f3n por escrito que contenga: (a) la identificaci\u00f3n de la\n(a) identificaci\u00f3n de la obra protegida por derechos de autor y\/o del derecho de propiedad intelectual cuya infracci\u00f3n se alega;\n(b) identificaci\u00f3n del material supuestamente infractor en el Sitio que se solicita retirar\n(c) su nombre, direcci\u00f3n y n\u00famero de tel\u00e9fono diurno, as\u00ed como una direcci\u00f3n de correo electr\u00f3nico, si dispone de ella\n(c) su nombre, direcci\u00f3n y n\u00famero de tel\u00e9fono diurno, as\u00ed como una direcci\u00f3n de correo electr\u00f3nico, si dispone de ella\nuso de la obra protegida por derechos de autor y\/o el ejercicio del derecho de propiedad intelectual no est\u00e1\nintelectual no est\u00e1 autorizado por el propietario, su agente o la ley; (e) una declaraci\u00f3n de que la informaci\u00f3n\nen la notificaci\u00f3n es exacta y, bajo pena de perjurio, que el firmante est\u00e1\nautorizado para actuar en nombre del titular del derecho supuestamente infringido; y\n(f) la firma del titular del derecho de propiedad intelectual o de alguien autorizado en\nnombre del propietario para hacer valer la infracci\u00f3n del derecho. Business Interchallenge\neliminar\u00e1 cualquier env\u00edo que infrinja los derechos de autor u otros derechos de propiedad\nderecho de propiedad intelectual de cualquier persona en virtud de la legislaci\u00f3n de EE.UU. tras la recepci\u00f3n de dicha declaraci\u00f3n (o\ndeclaraci\u00f3n de conformidad con 17 U.S.C. 512(c)(3)). La legislaci\u00f3n estadounidense prev\u00e9\nsanciones significativas por presentar una declaraci\u00f3n falsa. En las circunstancias\nEn circunstancias apropiadas, a las personas que env\u00eden repetidamente material infractor o il\u00edcito se les prohibir\u00e1 publicar m\u00e1s material.\nse les prohibir\u00e1 publicar m\u00e1s env\u00edos. El contacto de Business Interchallenge\npara la presentaci\u00f3n de notificaciones es: Departamento Jur\u00eddico, Business Interchallenge USA LLC,\n560 West 218 th Street, Suite 4C, New York, NY 10034, USA.<\/p><\/div><\/div>\t\t\t\t<\/div>\n\t\t\t\t<\/div>\n\t\t\t\t<div class=\"elementor-element elementor-element-26a1146 elementor-widget elementor-widget-image-box\" data-id=\"26a1146\" data-element_type=\"widget\" data-e-type=\"widget\" data-widget_type=\"image-box.default\">\n\t\t\t\t<div class=\"elementor-widget-container\">\n\t\t\t\t\t<div class=\"elementor-image-box-wrapper\"><div class=\"elementor-image-box-content\"><h3 class=\"elementor-image-box-title\">6. Descargos de responsabilidad<\/h3><p class=\"elementor-image-box-description\">EL CONTENIDO Y LA FUNCIONALIDAD DEL SITIO SE PROPORCIONAN CON EL\nEL ENTENDIMIENTO DE QUE BUSINESS INTERCHALLENGE NO EST\u00c1\nNO SE DEDICA A PRESTARLE ASESORAMIENTO O SERVICIOS PROFESIONALES,\nNING\u00daN CONTENIDO DEL SITIO PRETENDE SERVIR COMO O SE CONSIDERAR\u00c1\nASESORAMIENTO DE INVERSI\u00d3N, JUR\u00cdDICO, FISCAL, CONTABLE O DE OTRO TIPO REGULADO,\nY QUE USTED SER\u00c1 EL \u00daNICO RESPONSABLE DEL USO QUE HAGA DE\nTODO EL CONTENIDO DEL SITIO Y RECONOCE QUE TODA CONFIANZA EN EL\nCONTENIDO DEL SITIO SER\u00c1 ENTERAMENTE EN SU OPCI\u00d3N Y RIESGO \u00daNICOS. TODO EL CONTENIDO\nEL CONTENIDO Y LA FUNCIONALIDAD DEL SITIO SE PROPORCIONAN \"TAL CUAL\".\nSIN GARANT\u00cdA DE NING\u00daN TIPO, YA SEA EXPRESA O IMPL\u00cdCITA,\nINCLUIDAS, ENTRE OTRAS, LAS GARANT\u00cdAS IMPL\u00cdCITAS DE\nCOMERCIABILIDAD E IDONEIDAD PARA UN FIN DETERMINADO.\nBUSINESS INTERCHALLENGE Y SUS PROVEEDORES DE CONTENIDOS EXTERNOS\nNO OFRECEN GARANT\u00cdAS, EXPRESAS O IMPL\u00cdCITAS, EN CUANTO A LA PROPIEDAD\nEXACTITUD O ADECUACI\u00d3N DEL CONTENIDO DEL SITIO. BUSINESS\nINTERCHALLENGE NO TENDR\u00c1 RESPONSABILIDAD ALGUNA POR\nCUALQUIER INFORMACI\u00d3N PUBLICADA EN SITIOS WEB ENLAZADOS, CONTENIDA EN CUALQUIER\nDE LOS USUARIOS PUBLICADA EN EL SITIO, O PROPORCIONADA POR TERCEROS.\nTERCEROS. NI BUSINESS INTERCHALLENGE NI SUS TERCEROS\n\nPROVEEDORES DE CONTENIDOS SER\u00c1N RESPONSABLES DE DA\u00d1OS O P\u00c9RDIDAS INDIRECTOS, INCIDENTALES,\nDA\u00d1OS O P\u00c9RDIDAS INDIRECTOS, INCIDENTALES, PUNITIVOS O POR P\u00c9RDIDA DE\nLUCRO CESANTE, CON INDEPENDENCIA DE QUE SE HAYA ADVERTIDO O NO DE LA POSIBILIDAD\nDE TALES DA\u00d1OS O P\u00c9RDIDAS Y CON INDEPENDENCIA DE LA TEOR\u00cdA DE RESPONSABILIDAD.\nRESPONSABILIDAD.<\/p><\/div><\/div>\t\t\t\t<\/div>\n\t\t\t\t<\/div>\n\t\t\t\t\t<\/div>\n\t\t\t\t<\/div>\n\t\t<div class=\"elementor-element elementor-element-f3965f4 e-flex e-con-boxed e-con e-parent\" data-id=\"f3965f4\" data-element_type=\"container\" data-e-type=\"container\">\n\t\t\t\t\t<div class=\"e-con-inner\">\n\t\t\t\t<div class=\"elementor-element elementor-element-b82a7c7 elementor-widget elementor-widget-image-box\" data-id=\"b82a7c7\" data-element_type=\"widget\" data-e-type=\"widget\" data-widget_type=\"image-box.default\">\n\t\t\t\t<div class=\"elementor-widget-container\">\n\t\t\t\t\t<div class=\"elementor-image-box-wrapper\"><div class=\"elementor-image-box-content\"><h3 class=\"elementor-image-box-title\">7. Indemnizaci\u00f3n<\/h3><p class=\"elementor-image-box-description\">Por la presente, usted indemniza, defiende y exime de responsabilidad a Business Interchallenge y a todos\nde sus predecesores, sucesores, empresas matrices, subsidiarias, filiales, funcionarios, directores,\naccionistas, inversores, empleados, agentes, representantes y abogados y\nsus respectivos herederos, sucesores y cesionarios (\"Partes indemnizadas de Business Interchallenge\npartes indemnizadas\") de toda responsabilidad, gasto, coste u otra p\u00e9rdida (\"P\u00e9rdidas\").\notras p\u00e9rdidas (\"P\u00e9rdidas\") incurridas por Business Interchallenge y\/o las Partes\nInterchallenge y\/o las Partes indemnizadas por Business Interchallenge en relaci\u00f3n con cualquier\nuso del Sitio y\/o cualquier incumplimiento por su parte de estos T\u00e9rminos, incluidas las\ndeclaraciones, garant\u00edas y pactos que usted hizo, en su caso, al aceptar estos\nCondiciones. Business Interchallenge se reserva el derecho de asumir, a sus expensas\nla defensa y el control exclusivos de cualquier asunto sujeto a\nindemnizaci\u00f3n por su parte.<\/p><\/div><\/div>\t\t\t\t<\/div>\n\t\t\t\t<\/div>\n\t\t\t\t\t<\/div>\n\t\t\t\t<\/div>\n\t\t<div class=\"elementor-element elementor-element-24dcd10 e-flex e-con-boxed e-con e-parent\" data-id=\"24dcd10\" data-element_type=\"container\" data-e-type=\"container\">\n\t\t\t\t\t<div class=\"e-con-inner\">\n\t\t\t\t<div class=\"elementor-element elementor-element-0c005d2 elementor-widget elementor-widget-image-box\" data-id=\"0c005d2\" data-element_type=\"widget\" data-e-type=\"widget\" data-widget_type=\"image-box.default\">\n\t\t\t\t<div class=\"elementor-widget-container\">\n\t\t\t\t\t<div class=\"elementor-image-box-wrapper\"><div class=\"elementor-image-box-content\"><h3 class=\"elementor-image-box-title\">8. Sitios web de terceros y proveedores<\/h3><p class=\"elementor-image-box-description\">Podemos proporcionar enlaces a sitios web de terceros, y algunos de los contenidos que parecen\ncontenido que parece estar en este sitio es de hecho suministrado, apoyado o proporcionado\nterceros, por ejemplo, en casos de enmarcado de sitios web de terceros o\nincorporaci\u00f3n a trav\u00e9s de marcos de contenidos suministrados por servidores de terceros.\nBusiness Interchallenge no tiene responsabilidad alguna sobre estos sitios web de terceros, que\nque se rigen por las condiciones de uso y las pol\u00edticas de privacidad, en su caso, de los proveedores de contenidos de terceros.\nproveedores de contenidos de terceros.<\/p><\/div><\/div>\t\t\t\t<\/div>\n\t\t\t\t<\/div>\n\t\t\t\t<div class=\"elementor-element elementor-element-bc285d6 elementor-widget elementor-widget-image-box\" data-id=\"bc285d6\" data-element_type=\"widget\" data-e-type=\"widget\" data-widget_type=\"image-box.default\">\n\t\t\t\t<div class=\"elementor-widget-container\">\n\t\t\t\t\t<div class=\"elementor-image-box-wrapper\"><div class=\"elementor-image-box-content\"><h3 class=\"elementor-image-box-title\">9. Ley aplicable; jurisdicci\u00f3n<\/h3><p class=\"elementor-image-box-description\">Estas Condiciones se rigen por las leyes del Estado de Nueva York sin referencia\na los principios de conflicto de leyes del mismo.<\/p><\/div><\/div>\t\t\t\t<\/div>\n\t\t\t\t<\/div>\n\t\t\t\t\t<\/div>\n\t\t\t\t<\/div>\n\t\t\t\t<\/div>","protected":false},"excerpt":{"rendered":"<p>Terms of use Business Interchallenge and its affiliates (\u201cBusiness Interchallenge\u201d or \u201cwe\u201d) provides its content on its websites or applications that post a link to this Terms of Use (the \u201cSite\u201d) subject to the following terms and conditions (the \u201cTerms\u201d). We may periodically change the Terms without prior notice, so please check back from time [&hellip;]<\/p>\n","protected":false},"author":1,"featured_media":0,"parent":0,"menu_order":0,"comment_status":"closed","ping_status":"closed","template":"","meta":{"_uag_custom_page_level_css":"","site-sidebar-layout":"default","site-content-layout":"","ast-site-content-layout":"","site-content-style":"default","site-sidebar-style":"default","ast-global-header-display":"","ast-banner-title-visibility":"","ast-main-header-display":"","ast-hfb-above-header-display":"","ast-hfb-below-header-display":"","ast-hfb-mobile-header-display":"","site-post-title":"","ast-breadcrumbs-content":"","ast-featured-img":"","footer-sml-layout":"","theme-transparent-header-meta":"","adv-header-id-meta":"","stick-header-meta":"","header-above-stick-meta":"","header-main-stick-meta":"","header-below-stick-meta":"","astra-migrate-meta-layouts":"default","ast-page-background-enabled":"default","ast-page-background-meta":{"desktop":{"background-color":"","background-image":"","background-repeat":"repeat","background-position":"center center","background-size":"auto","background-attachment":"scroll","background-type":"","background-media":"","overlay-type":"","overlay-color":"","overlay-opacity":"","overlay-gradient":""},"tablet":{"background-color":"","background-image":"","background-repeat":"repeat","background-position":"center center","background-size":"auto","background-attachment":"scroll","background-type":"","background-media":"","overlay-type":"","overlay-color":"","overlay-opacity":"","overlay-gradient":""},"mobile":{"background-color":"","background-image":"","background-repeat":"repeat","background-position":"center center","background-size":"auto","background-attachment":"scroll","background-type":"","background-media":"","overlay-type":"","overlay-color":"","overlay-opacity":"","overlay-gradient":""}},"ast-content-background-meta":{"desktop":{"background-color":"var(--ast-global-color-5)","background-image":"","background-repeat":"repeat","background-position":"center center","background-size":"auto","background-attachment":"scroll","background-type":"","background-media":"","overlay-type":"","overlay-color":"","overlay-opacity":"","overlay-gradient":""},"tablet":{"background-color":"var(--ast-global-color-5)","background-image":"","background-repeat":"repeat","background-position":"center center","background-size":"auto","background-attachment":"scroll","background-type":"","background-media":"","overlay-type":"","overlay-color":"","overlay-opacity":"","overlay-gradient":""},"mobile":{"background-color":"var(--ast-global-color-5)","background-image":"","background-repeat":"repeat","background-position":"center center","background-size":"auto","background-attachment":"scroll","background-type":"","background-media":"","overlay-type":"","overlay-color":"","overlay-opacity":"","overlay-gradient":""}},"footnotes":""},"class_list":["post-27698","page","type-page","status-publish","hentry"],"uagb_featured_image_src":{"full":false,"thumbnail":false,"medium":false,"medium_large":false,"large":false,"1536x1536":false,"2048x2048":false,"trp-custom-language-flag":false},"uagb_author_info":{"display_name":"ADMIN","author_link":"https:\/\/businessinterchallenge.com\/es\/author\/admin\/"},"uagb_comment_info":0,"uagb_excerpt":"Terms of use Business Interchallenge and its affiliates (\u201cBusiness Interchallenge\u201d or \u201cwe\u201d) provides its content on its websites or applications that post a link to this Terms of Use (the \u201cSite\u201d) subject to the following terms and conditions (the \u201cTerms\u201d). We may periodically change the Terms without prior notice, so please check back from time&hellip;","_links":{"self":[{"href":"https:\/\/businessinterchallenge.com\/es\/wp-json\/wp\/v2\/pages\/27698","targetHints":{"allow":["GET"]}}],"collection":[{"href":"https:\/\/businessinterchallenge.com\/es\/wp-json\/wp\/v2\/pages"}],"about":[{"href":"https:\/\/businessinterchallenge.com\/es\/wp-json\/wp\/v2\/types\/page"}],"author":[{"embeddable":true,"href":"https:\/\/businessinterchallenge.com\/es\/wp-json\/wp\/v2\/users\/1"}],"replies":[{"embeddable":true,"href":"https:\/\/businessinterchallenge.com\/es\/wp-json\/wp\/v2\/comments?post=27698"}],"version-history":[{"count":10,"href":"https:\/\/businessinterchallenge.com\/es\/wp-json\/wp\/v2\/pages\/27698\/revisions"}],"predecessor-version":[{"id":28940,"href":"https:\/\/businessinterchallenge.com\/es\/wp-json\/wp\/v2\/pages\/27698\/revisions\/28940"}],"wp:attachment":[{"href":"https:\/\/businessinterchallenge.com\/es\/wp-json\/wp\/v2\/media?parent=27698"}],"curies":[{"name":"wp","href":"https:\/\/api.w.org\/{rel}","templated":true}]}}